{"id":407,"date":"2019-11-11T08:33:51","date_gmt":"2019-11-11T08:33:51","guid":{"rendered":"https:\/\/demo.casethemes.net\/consultio-marketing\/?page_id=407"},"modified":"2025-10-13T07:33:12","modified_gmt":"2025-10-13T07:33:12","slug":"urunlerimiz","status":"publish","type":"page","link":"https:\/\/alfapansogutma.com\/fr\/urunlerimiz\/","title":{"rendered":"Nos produits"},"content":{"rendered":"<div data-elementor-type=\"wp-page\" data-elementor-id=\"407\" class=\"elementor elementor-407\">\n\t\t\t\t\r\n        <section class=\"elementor-section elementor-top-section elementor-element elementor-element-7d640f1 elementor-section-boxed elementor-section-height-default elementor-section-height-default ct-header-fixed-none ct-row-max-none\" data-id=\"7d640f1\" data-element_type=\"section\">\n            \n                        <div class=\"elementor-container elementor-column-gap-extended\">\n                    <div class=\"elementor-column elementor-col-100 elementor-top-column elementor-element elementor-element-1e2ce89\" data-id=\"1e2ce89\" data-element_type=\"column\">\n        <div class=\"elementor-widget-wrap elementor-element-populated\">\n                    \n        \r\n\t\t<div class=\"elementor-element elementor-element-16d5b63 elementor-widget elementor-widget-ct_service_grid\" data-id=\"16d5b63\" data-element_type=\"widget\" data-widget_type=\"ct_service_grid.default\">\n\t\t\t\t<div class=\"elementor-widget-container\">\n\t\t\t\t\t\r\n<div id=\"ct_service_grid-16d5b63\" class=\"ct-grid ct-service-grid1\" data-layout=\"masonry\" data-start-page=\"1\" data-max-pages=\"1\" data-total=\"3\" data-perpage=\"6\" data-next-link=\"\">\r\n    <div class=\"ct-grid-overlay\"><\/div>\r\n    \r\n    <div class=\"ct-grid-inner ct-grid-masonry row animate-time\" data-gutter=\"15\">\r\n                            <div class=\"grid-item col-xl-4 col-lg-4 col-md-6 col-sm-6 col-12 consultant\">\r\n                        <div class=\"grid-item-inner wow fadeIn active-featured\">\r\n                            <div class=\"grid-item-over\">\r\n                                <div class=\"item--featured\">\r\n                                    <img fetchpriority=\"high\" decoding=\"async\" class=\"disable-lazy no-lazyload\" src=\"https:\/\/alfapansogutma.com\/wp-content\/uploads\/2019\/11\/shutterstock_1309093417-541x600.jpg\" width=\"541\" height=\"600\" alt=\"shutterstock_1309093417\" title=\"shutterstock_1309093417\" \/>                                <\/div>\r\n                                <div class=\"item--holder\">\r\n                                    <div class=\"item--holder-inner\">\r\n                                                                                    <div class=\"item--icon\"><i class=\"text-gradient flaticon-chart\"><\/i><\/div>\r\n                                        \r\n                                                                                                                            <h3 class=\"item--title\">Assembl\u00e9e<\/h3>\r\n                                                                                <div class=\"item--gap\"><\/div>\r\n                                                                                    <div class=\"item--content\">\r\n                                                Notre \u00e9quipe d&#039;installation experte r\u00e9alise l&#039;installation sur site conform\u00e9ment aux normes de s\u00e9curit\u00e9 et de qualit\u00e9 ; en assurant un alignement et une isolation corrects de l&#039;\u00e9quipement, les performances du syst\u00e8me sont garanties au niveau maximal.                                            <\/div>\r\n                                                                                                                            <div class=\"item--icon-abs\"><i class=\"text-gradient flaticon-chart\"><\/i><\/div>\r\n                                                                            <\/div>\r\n                                <\/div>\r\n                                <div class=\"item--meta\">\r\n                                                                            <h3 class=\"item--title\">\r\n                                                                                            <a target=\"_self\" href=\"https:\/\/alfapansogutma.com\/fr\/service\/digital-marketing\/\">Assembl\u00e9e<\/a>\r\n                                                                                    <\/h3>\r\n                                                                                                                <div class=\"item--readmore\">\r\n                                                                                            <a class=\"more-plus\" target=\"_self\" href=\"https:\/\/alfapansogutma.com\/fr\/service\/digital-marketing\/\">+<\/a>\r\n                                                                                    <\/div>\r\n                                                                                                        <\/div>\r\n                            <\/div>\r\n                        <\/div>\r\n                    <\/div>\r\n                                <div class=\"grid-item col-xl-4 col-lg-4 col-md-6 col-sm-6 col-12 consultant\">\r\n                        <div class=\"grid-item-inner wow fadeIn active-featured\">\r\n                            <div class=\"grid-item-over\">\r\n                                <div class=\"item--featured\">\r\n                                    <img decoding=\"async\" class=\"disable-lazy no-lazyload\" src=\"https:\/\/alfapansogutma.com\/wp-content\/uploads\/2019\/11\/theme24-541x600.jpg\" width=\"541\" height=\"600\" alt=\"theme24\" title=\"th\u00e8me24\" \/>                                <\/div>\r\n                                <div class=\"item--holder\">\r\n                                    <div class=\"item--holder-inner\">\r\n                                                                                    <div class=\"item--icon\"><i class=\"text-gradient flaticon-puzzle\"><\/i><\/div>\r\n                                        \r\n                                                                                                                            <h3 class=\"item--title\">Engagement du projet<\/h3>\r\n                                                                                <div class=\"item--gap\"><\/div>\r\n                                                                                    <div class=\"item--content\">\r\n                                                ALFAPAN, proje ba\u015flang\u0131c\u0131nda belirlenen takvim ve b\u00fct\u00e7e \u00e7er\u00e7evesinde taahh\u00fct etti\u011fi i\u015fleri zaman\u0131nda teslim etmeyi garanti eder; i\u015f plan\u0131 boyunca \u015feffaf ileti\u015fim ve periyodik ilerleme raporlar\u0131&hellip;                                            <\/div>\r\n                                                                                                                            <div class=\"item--icon-abs\"><i class=\"text-gradient flaticon-puzzle\"><\/i><\/div>\r\n                                                                            <\/div>\r\n                                <\/div>\r\n                                <div class=\"item--meta\">\r\n                                                                            <h3 class=\"item--title\">\r\n                                                                                            <a target=\"_self\" href=\"https:\/\/alfapansogutma.com\/fr\/service\/content-marketing\/\">Engagement du projet<\/a>\r\n                                                                                    <\/h3>\r\n                                                                                                                <div class=\"item--readmore\">\r\n                                                                                            <a class=\"more-plus\" target=\"_self\" href=\"https:\/\/alfapansogutma.com\/fr\/service\/content-marketing\/\">+<\/a>\r\n                                                                                    <\/div>\r\n                                                                                                        <\/div>\r\n                            <\/div>\r\n                        <\/div>\r\n                    <\/div>\r\n                                <div class=\"grid-item col-xl-4 col-lg-4 col-md-6 col-sm-6 col-12 consultant\">\r\n                        <div class=\"grid-item-inner wow fadeIn active-featured\">\r\n                            <div class=\"grid-item-over\">\r\n                                <div class=\"item--featured\">\r\n                                    <img decoding=\"async\" class=\"disable-lazy no-lazyload\" src=\"https:\/\/alfapansogutma.com\/wp-content\/uploads\/2019\/11\/4324-541x600.jpg\" width=\"541\" height=\"600\" alt=\"4324\" title=\"4324\" \/>                                <\/div>\r\n                                <div class=\"item--holder\">\r\n                                    <div class=\"item--holder-inner\">\r\n                                                                                    <div class=\"item--icon\"><i class=\"text-gradient flaticon-presentation\"><\/i><\/div>\r\n                                        \r\n                                                                                                                            <h3 class=\"item--title\">Service<\/h3>\r\n                                                                                <div class=\"item--gap\"><\/div>\r\n                                                                                    <div class=\"item--content\">\r\n                                                Nos programmes de maintenance p\u00e9riodique sont con\u00e7us pour maintenir l&#039;efficacit\u00e9 du syst\u00e8me et pr\u00e9venir les pannes inattendues ; les performances des \u00e9quipements sont optimis\u00e9es gr\u00e2ce \u00e0 des inspections r\u00e9guli\u00e8res et \u00e0 des contr\u00f4les des filtres et des gaz.                                            <\/div>\r\n                                                                                                                            <div class=\"item--icon-abs\"><i class=\"text-gradient flaticon-presentation\"><\/i><\/div>\r\n                                                                            <\/div>\r\n                                <\/div>\r\n                                <div class=\"item--meta\">\r\n                                                                            <h3 class=\"item--title\">\r\n                                                                                            <a target=\"_self\" href=\"https:\/\/alfapansogutma.com\/fr\/service\/seo-marketing\/\">Service<\/a>\r\n                                                                                    <\/h3>\r\n                                                                                                                <div class=\"item--readmore\">\r\n                                                                                            <a class=\"more-plus\" target=\"_self\" href=\"https:\/\/alfapansogutma.com\/fr\/service\/seo-marketing\/\">+<\/a>\r\n                                                                                    <\/div>\r\n                                                                                                        <\/div>\r\n                            <\/div>\r\n                        <\/div>\r\n                    <\/div>\r\n                                <div class=\"grid-sizer col-xl-4 col-lg-4 col-md-6 col-sm-6 col-12\"><\/div>\r\n            <\/div>\r\n        <\/div>\t\t\t\t<\/div>\n\t\t\t\t<\/div>\n\t\t            <\/div>\n        <\/div>\n                    <\/div>\n        <\/section>\n                <section class=\"elementor-section elementor-top-section elementor-element elementor-element-1469a28 elementor-section-stretched elementor-section-boxed elementor-section-height-default elementor-section-height-default ct-header-fixed-none ct-row-max-none\" data-id=\"1469a28\" data-element_type=\"section\" data-settings=\"{&quot;stretch_section&quot;:&quot;section-stretched&quot;,&quot;background_background&quot;:&quot;classic&quot;}\">\n            \n                        <div class=\"elementor-container elementor-column-gap-extended\">\n                    <div class=\"elementor-column elementor-col-100 elementor-top-column elementor-element elementor-element-932ccaa\" data-id=\"932ccaa\" data-element_type=\"column\">\n        <div class=\"elementor-widget-wrap elementor-element-populated\">\n                    \n                <section class=\"elementor-section elementor-inner-section elementor-element elementor-element-a24aba4 elementor-section-content-middle elementor-section-boxed elementor-section-height-default elementor-section-height-default ct-header-fixed-none ct-row-max-none\" data-id=\"a24aba4\" data-element_type=\"section\">\n            \n                        <div class=\"elementor-container elementor-column-gap-extended\">\n                    <div class=\"elementor-column elementor-col-50 elementor-inner-column elementor-element elementor-element-62e85ea\" data-id=\"62e85ea\" data-element_type=\"column\">\n        <div class=\"elementor-widget-wrap elementor-element-populated\">\n                    \n        \t\t<div class=\"elementor-element elementor-element-789b817 elementor-widget elementor-widget-ct_heading\" data-id=\"789b817\" data-element_type=\"widget\" data-widget_type=\"ct_heading.default\">\n\t\t\t\t<div class=\"elementor-widget-container\">\n\t\t\t\t\t<div id=\"ct_heading-789b817\" class=\"ct-heading h-align- sub-style3 ct-heading-left item-st-default\">\r\n    <div class=\"ct-item--inner\">\r\n        <div class=\"ct-inline-css\" data-css=\"            \">\r\n        <\/div>\r\n                    <div class=\"item--sub-title style3 show-line\">\r\n                                                                Nos solutions                                                                            <\/div>\r\n                <h3 class=\"item--title st-default case-animate-time\" data-wow-delay=\"ms\">\r\n                        <span class=\"sp-main\">\r\n                \r\n                Refroidissement puissant, solution simple\r\n                \r\n                            <\/span>\r\n                    <\/h3>\r\n    <\/div>\r\n<\/div>\t\t\t\t<\/div>\n\t\t\t\t<\/div>\n\t\t            <\/div>\n        <\/div>\n                <div class=\"elementor-column elementor-col-50 elementor-inner-column elementor-element elementor-element-e4c0edf\" data-id=\"e4c0edf\" data-element_type=\"column\">\n        <div class=\"elementor-widget-wrap elementor-element-populated\">\n                    \n        \t\t<div class=\"elementor-element elementor-element-5550e39 elementor-widget elementor-widget-ct_text_editor\" data-id=\"5550e39\" data-element_type=\"widget\" data-widget_type=\"ct_text_editor.default\">\n\t\t\t\t<div class=\"elementor-widget-container\">\n\t\t\t\t\t<div id=\"ct_text_editor-5550e39\" class=\"ct-text-editor\" data-wow-delay=\"ms\">\n\t<div class=\"ct-item--inner\">\n\t\t<div class=\"ct-inline-css\"  data-css=\"\t        \t\t\t\">\n\n\t    <\/div>\n\t\t<div class=\"ct-text-editor elementor-clearfix\">\n\t\t\t<p>Gr\u00e2ce \u00e0 notre capacit\u00e9 de production, nous fabriquons des panneaux de chambres froides \u00e0 haute isolation. Nos panneaux sont con\u00e7us pour offrir une longue dur\u00e9e de vie et une faible perte de chaleur.<\/p>\t\t\n\t\t<\/div>\n\t<\/div>\n<\/div>\t\t\t\t<\/div>\n\t\t\t\t<\/div>\n\t\t            <\/div>\n        <\/div>\n                    <\/div>\n        <\/section>\n        \t\t<div class=\"elementor-element elementor-element-9357584 elementor-widget elementor-widget-ct_service_grid\" data-id=\"9357584\" data-element_type=\"widget\" data-widget_type=\"ct_service_grid.default\">\n\t\t\t\t<div class=\"elementor-widget-container\">\n\t\t\t\t\t\r\n<div id=\"ct_service_grid-9357584\" class=\"ct-grid ct-service-grid5 style1\" data-layout=\"masonry\" data-start-page=\"1\" data-max-pages=\"1\" data-total=\"6\" data-perpage=\"6\" data-next-link=\"\">\r\n    <div class=\"ct-grid-overlay\"><\/div>\r\n    \r\n    <div class=\"ct-grid-inner ct-grid-masonry row animate-time\" data-gutter=\"15\">\r\n                        <div class=\"grid-item col-xl-6 col-lg-6 col-md-6 col-sm-6 col-12 solutions\">\r\n                    <div class=\"grid-item-inner wow fadeIn\">\r\n                        \r\n                                                    <div class=\"item--icon\">\r\n                                <img loading=\"lazy\" decoding=\"async\" width=\"170\" height=\"152\" src=\"https:\/\/alfapansogutma.com\/wp-content\/uploads\/2019\/12\/22222.png\" class=\"attachment-full\" alt=\"\" \/>                            <\/div>\r\n                                                <div class=\"item--content\">\r\n                                                            <h3 class=\"item--title\"><a href=\"https:\/\/alfapansogutma.com\/fr\/service\/social-media-marketing\/\">Alfapan<\/a><\/h3>\r\n                                                                                        <div class=\"item--desc\">\r\n                                    Gr\u00e2ce \u00e0 sa ligne de production et \u00e0 ses contr\u00f4les qualit\u00e9 rigoureux, ALFAPAN propose des panneaux durables. Nos produits sont con\u00e7us pour une utilisation fiable et durable sur le terrain.                                <\/div>\r\n                                                    <\/div>\r\n                        <a class=\"item--readmore\" href=\"https:\/\/alfapansogutma.com\/fr\/service\/social-media-marketing\/\"><\/a>\r\n                    <\/div>\r\n                <\/div>\r\n                            <div class=\"grid-item col-xl-6 col-lg-6 col-md-6 col-sm-6 col-12 solutions\">\r\n                    <div class=\"grid-item-inner wow fadeIn\">\r\n                        \r\n                                                    <div class=\"item--icon\">\r\n                                <img loading=\"lazy\" decoding=\"async\" width=\"451\" height=\"429\" src=\"https:\/\/alfapansogutma.com\/wp-content\/uploads\/2019\/12\/kar.png\" class=\"attachment-full\" alt=\"\" \/>                            <\/div>\r\n                                                <div class=\"item--content\">\r\n                                                            <h3 class=\"item--title\"><a href=\"https:\/\/alfapansogutma.com\/fr\/service\/search-engine-optimization\/\">Alfacold<\/a><\/h3>\r\n                                                                                        <div class=\"item--desc\">\r\n                                    Nous proposons des solutions \u00e9volutives pour les projets logistiques industriels et de distribution. Chaque projet est enti\u00e8rement conforme aux r\u00e9glementations locales et aux exigences du secteur.                                <\/div>\r\n                                                    <\/div>\r\n                        <a class=\"item--readmore\" href=\"https:\/\/alfapansogutma.com\/fr\/service\/search-engine-optimization\/\"><\/a>\r\n                    <\/div>\r\n                <\/div>\r\n                            <div class=\"grid-item col-xl-6 col-lg-6 col-md-6 col-sm-6 col-12 solutions\">\r\n                    <div class=\"grid-item-inner wow fadeIn\">\r\n                        \r\n                                                    <div class=\"item--icon\">\r\n                                <img loading=\"lazy\" decoding=\"async\" width=\"443\" height=\"491\" src=\"https:\/\/alfapansogutma.com\/wp-content\/uploads\/2019\/12\/door.png\" class=\"attachment-full\" alt=\"\" \/>                            <\/div>\r\n                                                <div class=\"item--content\">\r\n                                                            <h3 class=\"item--title\"><a href=\"https:\/\/alfapansogutma.com\/fr\/service\/web-development\/\">Porte Alfapan<\/a><\/h3>\r\n                                                                                        <div class=\"item--desc\">\r\n                                    Nous optimisons les processus de maintenance gr\u00e2ce \u00e0 la fourniture de pi\u00e8ces d\u00e9tach\u00e9es et au support logistique. Nous proposons des services compatibles avec les pi\u00e8ces d&#039;origine.                                <\/div>\r\n                                                    <\/div>\r\n                        <a class=\"item--readmore\" href=\"https:\/\/alfapansogutma.com\/fr\/service\/web-development\/\"><\/a>\r\n                    <\/div>\r\n                <\/div>\r\n                            <div class=\"grid-item col-xl-6 col-lg-6 col-md-6 col-sm-6 col-12 solutions\">\r\n                    <div class=\"grid-item-inner wow fadeIn\">\r\n                                                    <div class=\"item--icon\"><i class=\"text-gradient fa fa-braille\"><\/i><\/div>\r\n                        \r\n                                                <div class=\"item--content\">\r\n                                                            <h3 class=\"item--title\"><a href=\"https:\/\/alfapansogutma.com\/fr\/service\/ppc-advertising\/\">\u00e9tag\u00e8res de chambre froide<\/a><\/h3>\r\n                                                                                        <div class=\"item--desc\">\r\n                                    \u00c0 minima, la commercialisation du PPP n\u00e9cessite une campagne publicitaire en ligne pour annoncer son lancement, consistant \u00e0 diffuser une publicit\u00e9 audio sur les sites web.                                <\/div>\r\n                                                    <\/div>\r\n                        <a class=\"item--readmore\" href=\"https:\/\/alfapansogutma.com\/fr\/service\/ppc-advertising\/\"><\/a>\r\n                    <\/div>\r\n                <\/div>\r\n                            <div class=\"grid-item col-xl-6 col-lg-6 col-md-6 col-sm-6 col-12 solutions\">\r\n                    <div class=\"grid-item-inner wow fadeIn\">\r\n                                                    <div class=\"item--icon\"><i class=\"text-gradient flaticonv8-sugar-cube\"><\/i><\/div>\r\n                        \r\n                                                <div class=\"item--content\">\r\n                                                            <h3 class=\"item--title\"><a href=\"https:\/\/alfapansogutma.com\/fr\/service\/apps-development\/\">Rideau d&#039;air<\/a><\/h3>\r\n                                                                                        <div class=\"item--desc\">\r\n                                    Chez ALFAPAN, nous offrons un service rapide et fiable, et la satisfaction de nos clients est notre priorit\u00e9. Nous sommes votre partenaire d&#039;affaires, avec une planification adapt\u00e9e \u00e0 vos projets et un soutien technique continu.                                <\/div>\r\n                                                    <\/div>\r\n                        <a class=\"item--readmore\" href=\"https:\/\/alfapansogutma.com\/fr\/service\/apps-development\/\"><\/a>\r\n                    <\/div>\r\n                <\/div>\r\n                            <div class=\"grid-item col-xl-6 col-lg-6 col-md-6 col-sm-6 col-12 solutions\">\r\n                    <div class=\"grid-item-inner wow fadeIn\">\r\n                                                    <div class=\"item--icon\"><i class=\"text-gradient flaticon-gear\"><\/i><\/div>\r\n                        \r\n                                                <div class=\"item--content\">\r\n                                                            <h3 class=\"item--title\"><a href=\"https:\/\/alfapansogutma.com\/fr\/service\/content-marketing-2\/\">Accessoire<\/a><\/h3>\r\n                                                                                        <div class=\"item--desc\">\r\n                                    Le marketing de contenu est une approche marketing strat\u00e9gique ax\u00e9e sur la cr\u00e9ation et la diffusion de contenu pertinent et r\u00e9gulier afin d&#039;attirer et de fid\u00e9liser une client\u00e8le clairement d\u00e9finie.                                <\/div>\r\n                                                    <\/div>\r\n                        <a class=\"item--readmore\" href=\"https:\/\/alfapansogutma.com\/fr\/service\/content-marketing-2\/\"><\/a>\r\n                    <\/div>\r\n                <\/div>\r\n                                <div class=\"grid-sizer col-xl-6 col-lg-6 col-md-6 col-sm-6 col-12\"><\/div>\r\n            <\/div>\r\n        <\/div>\t\t\t\t<\/div>\n\t\t\t\t<\/div>\n\t\t\t\t<div class=\"elementor-element elementor-element-d018002 elementor-align-center elementor-widget elementor-widget-ct_button\" data-id=\"d018002\" data-element_type=\"widget\" data-widget_type=\"ct_button.default\">\n\t\t\t\t<div class=\"elementor-widget-container\">\n\t\t\t\t\t<div id=\"ct_button-d018002\" class=\"ct-button-wrapper ct-button-layout1 icon-right btn--inline\">\r\n    <div class=\"ct-inline-css\"  data-css=\"        \">\r\n    <\/div>\r\n            <span class=\"ct-icon-active\"><\/span>\r\n        <a href=\"https:\/\/alfapansogutma.com\/fr\/services-v-1\/\" class=\"btn btn-third icon-active btn-inline-block wow fadeInUp\" data-wow-delay=\"ms\">\r\n                            <span class=\"ct-button-icon ct-align-icon-right\">\r\n                <i aria-hidden=\"true\" class=\"fas fa-user-cog\"><\/i>            <\/span>\r\n                <span class=\"ct-button-text\">Plus de produits<\/span>\r\n    <\/a>\r\n<\/div>\t\t\t\t<\/div>\n\t\t\t\t<\/div>\n\t\t            <\/div>\n        <\/div>\n                    <\/div>\n        <\/section>\n        \t\t<\/div>","protected":false},"excerpt":{"rendered":"<p>Montaj Uzman montaj ekibimiz, sahada g\u00fcvenlik ve kalite standartlar\u0131na uygun ad\u0131mlarla kurulumu ger\u00e7ekle\u015ftirir; ekipmanlar\u0131n do\u011fru hizalanmas\u0131 ve izolasyonun sa\u011flanmas\u0131 ile sistem performans\u0131 maksimum seviyede garanti edilir Montaj + Proje Taahh\u00fct ALFAPAN, proje ba\u015flang\u0131c\u0131nda belirlenen takvim ve b\u00fct\u00e7e \u00e7er\u00e7evesinde taahh\u00fct etti\u011fi i\u015fleri zaman\u0131nda teslim etmeyi garanti eder; i\u015f plan\u0131 boyunca \u015feffaf ileti\u015fim ve periyodik ilerleme raporlar\u0131&hellip; [&hellip;]<\/p>","protected":false},"author":1,"featured_media":0,"parent":0,"menu_order":0,"comment_status":"closed","ping_status":"closed","template":"","meta":{"footnotes":""},"class_list":["post-407","page","type-page","status-publish","hentry"],"_links":{"self":[{"href":"https:\/\/alfapansogutma.com\/fr\/wp-json\/wp\/v2\/pages\/407","targetHints":{"allow":["GET"]}}],"collection":[{"href":"https:\/\/alfapansogutma.com\/fr\/wp-json\/wp\/v2\/pages"}],"about":[{"href":"https:\/\/alfapansogutma.com\/fr\/wp-json\/wp\/v2\/types\/page"}],"author":[{"embeddable":true,"href":"https:\/\/alfapansogutma.com\/fr\/wp-json\/wp\/v2\/users\/1"}],"replies":[{"embeddable":true,"href":"https:\/\/alfapansogutma.com\/fr\/wp-json\/wp\/v2\/comments?post=407"}],"version-history":[{"count":7,"href":"https:\/\/alfapansogutma.com\/fr\/wp-json\/wp\/v2\/pages\/407\/revisions"}],"predecessor-version":[{"id":4770,"href":"https:\/\/alfapansogutma.com\/fr\/wp-json\/wp\/v2\/pages\/407\/revisions\/4770"}],"wp:attachment":[{"href":"https:\/\/alfapansogutma.com\/fr\/wp-json\/wp\/v2\/media?parent=407"}],"curies":[{"name":"wp","href":"https:\/\/api.w.org\/{rel}","templated":true}]}}